{"id":1349,"date":"2018-04-25T09:43:47","date_gmt":"2018-04-25T09:43:47","guid":{"rendered":"https:\/\/quest-air.de\/?page_id=1349"},"modified":"2018-09-04T19:04:33","modified_gmt":"2018-09-04T19:04:33","slug":"impressum","status":"publish","type":"page","link":"https:\/\/quest-air.de\/de\/impressum\/","title":{"rendered":"Impressum"},"content":{"rendered":"<p>Quest Air Services (QST) GmbH<br \/>\n<small>operated by ProAir Aviation GmbH AOC D-150 EG<\/small><\/p>\n<p>Warmensteinacher Str. 59<br \/>\n12349 Berlin<br \/>\nDeutschland<\/p>\n<p>Tel.: +49 30 22 43 456 0<\/p>\n<p>Email: <a href=\"mailto:info@quest-air.de\">info@quest-air.de<\/a><br \/>\nInternet:<a href=\"http:\/\/www.quest-air.de\">www.quest-air.de<\/a><\/p>\n<p>Gesch\u00e4ftsf\u00fchrung: Stefan Gadow<\/p>\n<p>Amtsgericht Berlin-Charlottenburg<br \/>\nHRB 185184 B<br \/>\nUSt-IdNr. DE123456789<\/p>\n<p>Verantwortlich i.S.d. \u00a7 55 Abs. 2 RStV: Stefan Gadow (Anschrift wie vorgenannt)<\/p>\n<p>\u00a9 Copyright 2018 by Quest Air Services, Berlin.<br \/>\nDiese Website und alle umfassten Dateien sowie alle in ihr enthaltenen Informationen unterliegen dem Urheberrecht.<\/p>\n<p>Die private, nicht kommerzielle Nutzung ist erlaubt. Kopien der Dateien dieser Website d\u00fcrfen in elektronischer oder gedruckter Form weiterverbreitet werden, solange dies keinen kommerziellen Zwecken dient, die Dateien oder deren Inhalte dabei nicht ver\u00e4ndert werden und die Quelle der Informationen deutlich angegeben wird. In diesem Fall bitten wir um die \u00dcberlassung eines Belegexemplars von gedruckten Texten oder um einen Hinweis auf elektronische Ver\u00f6ffentlichungen.<\/p>\n<p>Jede andere Form der Nutzung, insbesondere die Verbreitung der Website oder einzelner Teile auf CD-ROMs oder in anderen Publikationen sind nur nach vorheriger Zustimmung statthaft.<\/p>\n<p>Die Nutzung des Servers wird \u00fcberwacht, die entstehenden Logfiles durch befugte Personen ausgewertet.<\/p>","protected":false},"excerpt":{"rendered":"<p>Quest Air Services (QST) GmbH operated by ProAir Aviation GmbH AOC D-150 EG Warmensteinacher Str. 59 12349 Berlin Deutschland Tel.:&#8230;<\/p>\n","protected":false},"author":1,"featured_media":0,"parent":0,"menu_order":1,"comment_status":"closed","ping_status":"closed","template":"","meta":{"inline_featured_image":false},"acf":[],"_links":{"self":[{"href":"https:\/\/quest-air.de\/de\/wp-json\/wp\/v2\/pages\/1349"}],"collection":[{"href":"https:\/\/quest-air.de\/de\/wp-json\/wp\/v2\/pages"}],"about":[{"href":"https:\/\/quest-air.de\/de\/wp-json\/wp\/v2\/types\/page"}],"author":[{"embeddable":true,"href":"https:\/\/quest-air.de\/de\/wp-json\/wp\/v2\/users\/1"}],"replies":[{"embeddable":true,"href":"https:\/\/quest-air.de\/de\/wp-json\/wp\/v2\/comments?post=1349"}],"version-history":[{"count":25,"href":"https:\/\/quest-air.de\/de\/wp-json\/wp\/v2\/pages\/1349\/revisions"}],"predecessor-version":[{"id":1405,"href":"https:\/\/quest-air.de\/de\/wp-json\/wp\/v2\/pages\/1349\/revisions\/1405"}],"wp:attachment":[{"href":"https:\/\/quest-air.de\/de\/wp-json\/wp\/v2\/media?parent=1349"}],"curies":[{"name":"wp","href":"https:\/\/api.w.org\/{rel}","templated":true}]}}